{"id":2905,"date":"2019-02-03T12:33:54","date_gmt":"2019-02-03T12:33:54","guid":{"rendered":"https:\/\/emanuelaterzi.it\/centro-privacy\/"},"modified":"2019-02-11T14:06:30","modified_gmt":"2019-02-11T14:06:30","slug":"centro-privacy","status":"publish","type":"page","link":"https:\/\/emanuelaterzi.it\/en\/centro-privacy\/","title":{"rendered":"Centro Privacy"},"content":{"rendered":"<p><div class=\"fusion-fullwidth fullwidth-box fusion-builder-row-1 nonhundred-percent-fullwidth non-hundred-percent-height-scrolling\" style=\"--awb-background-position:left top;--awb-border-radius-top-left:0px;--awb-border-radius-top-right:0px;--awb-border-radius-bottom-right:0px;--awb-border-radius-bottom-left:0px;--awb-padding-top:0px;--awb-padding-bottom:0px;--awb-border-sizes-top:0px;--awb-border-sizes-bottom:0px;\" ><div class=\"fusion-builder-row fusion-row\"><div class=\"fusion-layout-column fusion_builder_column fusion-builder-column-0 fusion_builder_column_1_1 1_1 fusion-one-full fusion-column-first fusion-column-last\" style=\"--awb-padding-right:0px;--awb-padding-left:0px;--awb-bg-size:cover;\"><div class=\"fusion-column-wrapper fusion-flex-column-wrapper-legacy\"><div class=\"fusion-text fusion-text-1\"><h1 style=\"text-align: left;\">Centro Privacy<\/h1>\n<\/div><div class=\"fusion-text fusion-text-2\"><p style=\"font-weight: 300; font-size: 22px; line-height: 40px; letter-spacing: 2px; text-align: left;\"><span style=\"color: #7178ae;\"><strong>Emanuela Terzi<\/strong><\/span> ha adeguato le proprie politiche di trattamento dati per rispondere ai requisiti del nuovo Regolamento Europeo per la Protezione dei Dati Personali (<strong><span style=\"color: #7178ae;\">GDPR<\/span><\/strong>). In particolare la Privacy Policy e la Cookie Policy sono state strutturate cercando di renderle chiare e trasparenti e per introdurre i nuovi diritti che il Regolamento ti garantisce. Ti invitiamo a prenderne visione.<\/p>\n<\/div><div class=\"fusion-sep-clear\"><\/div><div class=\"fusion-separator fusion-full-width-sep\" style=\"margin-left: auto;margin-right: auto;margin-top:20px;margin-bottom:40px;width:100%;\"><div class=\"fusion-separator-border sep-double\" style=\"border-color:#e0dede;border-top-width:1px;border-bottom-width:1px;\"><\/div><\/div><div class=\"fusion-sep-clear\"><\/div><div class=\"fusion-clearfix\"><\/div><\/div><\/div><\/div><\/div><div id=\"privacy\" class=\"fusion-container-anchor\"><div class=\"fusion-fullwidth fullwidth-box fusion-builder-row-2 nonhundred-percent-fullwidth non-hundred-percent-height-scrolling\" style=\"--awb-border-radius-top-left:0px;--awb-border-radius-top-right:0px;--awb-border-radius-bottom-right:0px;--awb-border-radius-bottom-left:0px;--awb-padding-top:50px;--awb-margin-bottom:40px;\" ><div class=\"fusion-builder-row fusion-row\"><div class=\"fusion-layout-column fusion_builder_column fusion-builder-column-1 fusion_builder_column_1_1 1_1 fusion-one-full fusion-column-first fusion-column-last\" style=\"--awb-bg-size:cover;\"><div class=\"fusion-column-wrapper fusion-flex-column-wrapper-legacy\"><div class=\"fusion-title title fusion-title-1 fusion-title-text fusion-title-size-two\"><h2 class=\"title-heading-left fusion-responsive-typography-calculated\" style=\"margin:0;--fontSize:35;line-height:1.29;\"><i class=\"fb-icon-element-1 fb-icon-element fontawesome-icon fa-file-alt fas circle-yes fusion-text-flow\" style=\"--awb-circlebordersize:1px;--awb-font-size:28.16px;--awb-width:56.32px;--awb-height:56.32px;--awb-line-height:54.32px;--awb-margin-right:16px;\"><\/i> Privacy Policy<\/p><\/h2><span class=\"awb-title-spacer\"><\/span><div class=\"title-sep-container\"><div class=\"title-sep sep-single sep-solid\" style=\"border-color:#e0dede;\"><\/div><\/div><\/div><div class=\"fusion-text fusion-text-3\"><p class=\"p1\">I dati personali dell\u2019utente sono utilizzati da Emanuela Terzi, che ne \u00e8 titolare per il trattamento, nel rispetto dei principi di protezione dei dati personali stabiliti dal regolamento GDPR 2016\/679.<\/p>\n<p class=\"p1\"><span style=\"color: #7178ae;\">Categorie di trattamento dati<\/span><br \/>\nNomi e indirizzi di posta elettronica forniti nella pagina contatti<\/p>\n<p class=\"p1\"><span style=\"color: #7178ae;\">Modalit\u00e0 di conservazione<\/span><br \/>\nI dati vengono conservati in forma digitale sui nostri sistemi informatici ed in forma cartacea. Per entrambe le modalit\u00e0 del trattamento abbiamo messo in atto le misure necessarie a rispettare il GDPR.<\/p>\n<p class=\"p1\"><span style=\"color: #7178ae;\">Finalit\u00e0<\/span><\/p>\n<ul>\n<li class=\"p1\">Erogazione dei servizi richiesti dal cliente ;<\/li>\n<li class=\"p1\">Invio di comunicazioni relativi ai nostri servizi;<\/li>\n<li class=\"p1\">Invio di documenti amministrativi e contabili correlati ai contratti di servizio.<\/li>\n<\/ul>\n<p class=\"p1\"><span style=\"color: #7178ae;\">Accesso ai dati<\/span><br \/>\nGli indirizzi di posta elettronica sono visibili solo dal personale incaricato di Emanuela Terzi<\/p>\n<p class=\"p1\"><span style=\"color: #7178ae;\">Terzi destinatari<\/span><br \/>\nEmanuela Terzi non comunica i nomi e gli indirizzi di posta elettronica ad essi collegati ad altri soggetti.<\/p>\n<p class=\"p1\"><span style=\"color: #7178ae;\">Periodo di conservazione<\/span><br \/>\nIl periodo di conservazione \u00e8 per la tutta la durata dell\u2019attivit\u00e0 Emanuela Terzi.<\/p>\n<p class=\"p1\"><span style=\"color: #7178ae;\">Base giuridica<\/span><br \/>\nConsenso dell\u2019interessato<\/p>\n<p class=\"p1\"><span style=\"color: #7178ae;\">Categorie di destinatari<\/span><br \/>\nEmanuela Terzi eseguir\u00e0 comunicazioni dei dati esclusivamente in adempimento di obblighi di legge e contrattuali.<\/p>\n<p class=\"p1\"><span style=\"color: #7178ae;\">Diritti dell\u2019interessato<\/span><br \/>\nAi sensi del regolamento europeo 679\/2016 (GDPR) e della normativa nazionale, l\u2019interessato pu\u00f2, secondo le modalit\u00e0 e nei limiti previsti dalla vigente normativa, esercitare i seguenti diritti:<\/p>\n<ul>\n<li class=\"p1\">Richiedere la conferma dell\u2019esistenza di dati personali che lo riguardano (diritto di accesso);<\/li>\n<li class=\"p1\">Conoscerne l\u2019origine;<\/li>\n<li class=\"p1\">Riceverne comunicazione intelligibile;<\/li>\n<li class=\"p1\">Avere informazioni circa la logica, le modalit\u00e0 e le finalit\u00e0 del trattamento;<\/li>\n<li class=\"p1\">Richiederne l\u2019aggiornamento, la rettifica, l\u2019integrazione, la cancellazione, la trasformazione in forma anonima, il blocco dei dati trattati in violazione di legge, ivi compresi quelli non pi\u00f9 necessari al perseguimento degli scopi per i quali sono stati raccolti;<\/li>\n<li class=\"p1\">Nei casi di trattamento basato su consenso, ricevere i propri dati forniti al titolare, in forma strutturata e leggibile da un elaboratore di dati e in un formato comunemente usato da un dispositivo elettronico;<\/li>\n<li class=\"p1\">Il diritto di presentare un reclamo all\u2019autorit\u00e0 di controllo.<\/li>\n<\/ul>\n<p class=\"p1\">Le richieste vanno rivolte al titolare del trattamento che \u00e8 Emanuela Terzi.<\/p>\n<\/div><div class=\"fusion-clearfix\"><\/div><\/div><\/div><\/div><\/div><\/div><div id=\"cookie\" class=\"fusion-container-anchor\"><div class=\"fusion-fullwidth fullwidth-box fusion-builder-row-3 nonhundred-percent-fullwidth non-hundred-percent-height-scrolling\" style=\"--awb-border-radius-top-left:0px;--awb-border-radius-top-right:0px;--awb-border-radius-bottom-right:0px;--awb-border-radius-bottom-left:0px;--awb-padding-top:50px;--awb-margin-bottom:40px;\" ><div class=\"fusion-builder-row fusion-row\"><div class=\"fusion-layout-column fusion_builder_column fusion-builder-column-2 fusion_builder_column_1_1 1_1 fusion-one-full fusion-column-first fusion-column-last\" style=\"--awb-bg-size:cover;\"><div class=\"fusion-column-wrapper fusion-flex-column-wrapper-legacy\"><div class=\"fusion-title title fusion-title-2 fusion-title-text fusion-title-size-two\"><h2 class=\"title-heading-left fusion-responsive-typography-calculated\" style=\"margin:0;--fontSize:35;line-height:1.29;\"><i class=\"fb-icon-element-2 fb-icon-element fontawesome-icon fa-list-alt fas circle-yes fusion-text-flow\" style=\"--awb-circlebordersize:1px;--awb-font-size:28.16px;--awb-width:56.32px;--awb-height:56.32px;--awb-line-height:54.32px;--awb-margin-right:16px;\"><\/i> Cookie Policy<\/p><\/h2><span class=\"awb-title-spacer\"><\/span><div class=\"title-sep-container\"><div class=\"title-sep sep-single sep-solid\" style=\"border-color:#e0dede;\"><\/div><\/div><\/div><div class=\"fusion-text fusion-text-4\"><p>L\u2019accesso al sito emanuelaterzi.it pu\u00f2 comportare l\u2019invio, da parte dei nostri server al pc dell\u2019utente, dei cosiddetti \u201ccookies\u201d, ossia di files che consentono di ottenere informazioni sulle pagine visitate al fine di rendere pi\u00f9 veloce l\u2019utilizzo dei vari servizi. Emanuela Terzi abbina le informazioni raccolte dai cookie ad altri dati forniti da lei su di s\u00e9 o di altro tipo raccolti ai fini riportati nella nostra Informativa privacy. Se non vuole che il nostro sito collochi cookie nel suo dispositivo, pu\u00f2 rifiutare il loro impiego attraverso le impostazioni del suo browser. In tal caso non garantiamo la corretta fruizione dei servizi offerti.<\/p>\n<p><span style=\"color: #7178ae;\">Finalit\u00e0 e tipologie dei cookie<\/span><br \/>\nIn base alla funzione e alla finalit\u00e0 di utilizzo, i cookie possono suddividersi in cookie tecnici, cookie di profilazione, cookie di terze parti.<\/p>\n<p><span style=\"color: #7178ae;\">Cookie tecnici<\/span><br \/>\nSono cookie utilizzati per eseguire autenticazioni informatiche, monitoraggio di sessioni e memorizzazione di informazioni specifiche sugli utenti che accedono ad una pagina web. Questi cookie sono spesso utili, perch\u00e9 possono rendere pi\u00f9 veloce e rapida la navigazione e fruizione del web, perch\u00e9 ad esempio intervengono a facilitare alcune procedure per fare acquisti online o per le autenticazioni ad aree ad accesso riservato. Una particolare tipologia di cookie tecnici, detti analytics, vengono poi utilizzati per raccogliere informazioni, in forma aggregata, sul numero degli utenti e su come questi visitano il sito stesso, e quindi elaborare statistiche generali sul servizio e sul suo utilizzo.<\/p>\n<p><span style=\"color: #7178ae;\">Cookie di profilazione<\/span><br \/>\nI cookie di profilazione invece possono essere utilizzati per monitorare e profilare gli utenti durante la navigazione, studiare i loro movimenti e abitudini di consultazione del web o di consumo, anche allo scopo di inviare pubblicit\u00e0 di servizi mirati e personalizzati. Emanuela Terzi non utilizza cookie di profilazione.<\/p>\n<p><span style=\"color: #7178ae;\">Cookie di terze parti<\/span><br \/>\nI cookie di terze parti sono cookie provenienti da altri siti e contenuti in vari elementi ospitati sulla pagina stessa, come ad esempio banner pubblicitari, immagini, video, e altro ancora. Detti cookie sono impostati direttamente da gestori di siti web o server esterni.<\/p>\n<\/div><div class=\"fusion-clearfix\"><\/div><\/div><\/div><\/div><\/div><\/div><div id=\"preferenze\" class=\"fusion-container-anchor\"><div class=\"fusion-fullwidth fullwidth-box fusion-builder-row-4 nonhundred-percent-fullwidth non-hundred-percent-height-scrolling\" style=\"--awb-border-radius-top-left:0px;--awb-border-radius-top-right:0px;--awb-border-radius-bottom-right:0px;--awb-border-radius-bottom-left:0px;--awb-padding-top:50px;--awb-margin-bottom:40px;\" ><div class=\"fusion-builder-row fusion-row\"><div class=\"fusion-layout-column fusion_builder_column fusion-builder-column-3 fusion_builder_column_1_1 1_1 fusion-one-full fusion-column-first fusion-column-last\" style=\"--awb-bg-size:cover;\"><div class=\"fusion-column-wrapper fusion-flex-column-wrapper-legacy\"><div class=\"fusion-title title fusion-title-3 fusion-title-text fusion-title-size-two\"><h2 class=\"title-heading-left fusion-responsive-typography-calculated\" style=\"margin:0;--fontSize:35;line-height:1.29;\"><i class=\"fb-icon-element-3 fb-icon-element fontawesome-icon fa-user-secret fas circle-yes fusion-text-flow\" style=\"--awb-circlebordersize:1px;--awb-font-size:28.16px;--awb-width:56.32px;--awb-height:56.32px;--awb-line-height:54.32px;--awb-margin-right:16px;\"><\/i>\u00a0Impostazione Privacy<\/p><\/h2><span class=\"awb-title-spacer\"><\/span><div class=\"title-sep-container\"><div class=\"title-sep sep-single sep-solid\" style=\"border-color:#e0dede;\"><\/div><\/div><\/div><div class=\"fusion-clearfix\"><\/div><\/div><\/div><div class=\"fusion-layout-column fusion_builder_column fusion-builder-column-4 fusion_builder_column_1_1 1_1 fusion-one-full fusion-column-first fusion-column-last\" style=\"--awb-padding-top:0px;--awb-padding-right:20px;--awb-padding-bottom:20px;--awb-padding-left:20px;--awb-bg-color:#f7f7f7;--awb-bg-size:cover;--awb-border-color:#7178ae;--awb-border-top:2px;--awb-border-right:2px;--awb-border-bottom:2px;--awb-border-left:2px;--awb-border-style:solid;\"><div class=\"fusion-column-wrapper fusion-flex-column-wrapper-legacy\"><div class=\"fusion-privacy-element fusion-privacy-element-1\"><div class=\"fusion-privacy-form-intro\"><h3>Servizi esterni<\/h3>\n<p>In questo sito potrebbero essere installati alcuni cookie provenienti da servizi esterni. Qui sotto l'elenco e la possibilit\u00e0 di abilitare\/disabilitare i cookie generati da questi servizi.<\/p>\n<\/div><form id=\"fusion-privacy-form-1\" method=\"post\" class=\"fusion-privacy-form fusion-privacy-form-floated\"><ul><li><label for=\"youtube\"><input name=\"consents[]\" type=\"checkbox\" value=\"youtube\"  id=\"youtube\">YouTube<\/label><\/li><li><label for=\"vimeo\"><input name=\"consents[]\" type=\"checkbox\" value=\"vimeo\"  id=\"vimeo\">Vimeo<\/label><\/li><li><label for=\"soundcloud\"><input name=\"consents[]\" type=\"checkbox\" value=\"soundcloud\"  id=\"soundcloud\">SoundCloud<\/label><\/li><li><label for=\"facebook\"><input name=\"consents[]\" type=\"checkbox\" value=\"facebook\"  id=\"facebook\">Facebook<\/label><\/li><li><label for=\"flickr\"><input name=\"consents[]\" type=\"checkbox\" value=\"flickr\"  id=\"flickr\">Flickr<\/label><\/li><li><label for=\"twitter\"><input name=\"consents[]\" type=\"checkbox\" value=\"twitter\"  id=\"twitter\">Twitter<\/label><\/li><li><label for=\"gmaps\"><input name=\"consents[]\" type=\"checkbox\" value=\"gmaps\"  id=\"gmaps\">Google Maps<\/label><\/li><li><label for=\"tracking\"><input name=\"consents[]\" type=\"checkbox\" value=\"tracking\"  id=\"tracking\">Tracking Cookies<\/label><\/li><\/ul><input type=\"hidden\" name=\"_wp_http_referer\" value=\"\/en\/wp-json\/wp\/v2\/pages\/2905\" \/><input type=\"hidden\" name=\"privacyformid\" value=\"1\"><input type=\"hidden\" name=\"consents[]\" value=\"consent\"><input class=\"fusion-button fusion-button-default fusion-button-default-size\" type=\"submit\" value=\"Update\" ><\/form><\/div><div class=\"fusion-clearfix\"><\/div><\/div><\/div><\/div><\/div><\/div><div id=\"responsabile\" class=\"fusion-container-anchor\"><div class=\"fusion-fullwidth fullwidth-box fusion-builder-row-5 nonhundred-percent-fullwidth non-hundred-percent-height-scrolling\" style=\"--awb-border-radius-top-left:0px;--awb-border-radius-top-right:0px;--awb-border-radius-bottom-right:0px;--awb-border-radius-bottom-left:0px;--awb-padding-top:50px;--awb-margin-bottom:40px;\" ><div class=\"fusion-builder-row fusion-row\"><div class=\"fusion-layout-column fusion_builder_column fusion-builder-column-5 fusion_builder_column_1_1 1_1 fusion-one-full fusion-column-first fusion-column-last\" style=\"--awb-bg-size:cover;\"><div class=\"fusion-column-wrapper fusion-flex-column-wrapper-legacy\"><div class=\"fusion-title title fusion-title-4 fusion-title-text fusion-title-size-two\"><h2 class=\"title-heading-left fusion-responsive-typography-calculated\" style=\"margin:0;--fontSize:35;line-height:1.29;\"><i class=\"fb-icon-element-4 fb-icon-element fontawesome-icon fa-user fas circle-yes fusion-text-flow\" style=\"--awb-circlebordersize:1px;--awb-font-size:28.16px;--awb-width:56.32px;--awb-height:56.32px;--awb-line-height:54.32px;--awb-margin-right:16px;\"><\/i>\u00a0Contatto responsabile<\/p><\/h2><span class=\"awb-title-spacer\"><\/span><div class=\"title-sep-container\"><div class=\"title-sep sep-single sep-solid\" style=\"border-color:#e0dede;\"><\/div><\/div><\/div><div class=\"fusion-text fusion-text-5\"><p>Per qualunque informazione relativa alle nostre modalit\u00e0 di trattamento dei dati personali potete scrivere compilando il modulo sottostante. Gli utenti registrati nel nostro sito possono inviarci richiesta di <span style=\"color: #7178ae;\">visione<\/span>, <span style=\"color: #7178ae;\">modifica<\/span> o <span style=\"color: #7178ae;\">cancellazione<\/span> dei propri dati.\u00a0Dalla cancellazione sono esclusi tutti i dati che devono essere conservati per legge a fini contabili e fiscali.<\/p>\n<\/div><div class=\"fusion-text fusion-text-6\">\n<div class=\"wpcf7 no-js\" id=\"wpcf7-f2903-o1\" lang=\"it-IT\" dir=\"ltr\" data-wpcf7-id=\"2903\">\n<div class=\"screen-reader-response\"><p role=\"status\" aria-live=\"polite\" aria-atomic=\"true\"><\/p> <ul><\/ul><\/div>\n<form action=\"\/en\/wp-json\/wp\/v2\/pages\/2905#wpcf7-f2903-o1\" method=\"post\" class=\"wpcf7-form init\" aria-label=\"Modulo di contatto\" novalidate=\"novalidate\" data-status=\"init\">\n<fieldset class=\"hidden-fields-container\"><input type=\"hidden\" name=\"_wpcf7\" value=\"2903\" \/><input type=\"hidden\" name=\"_wpcf7_version\" value=\"6.1.5\" \/><input type=\"hidden\" name=\"_wpcf7_locale\" value=\"it_IT\" \/><input type=\"hidden\" name=\"_wpcf7_unit_tag\" value=\"wpcf7-f2903-o1\" \/><input type=\"hidden\" name=\"_wpcf7_container_post\" value=\"0\" \/><input type=\"hidden\" name=\"_wpcf7_posted_data_hash\" value=\"\" \/><input type=\"hidden\" name=\"_wpcf7_recaptcha_response\" value=\"\" \/>\n<\/fieldset>\n<p><span class=\"wpcf7-form-control-wrap\" data-name=\"your-name\"><input size=\"40\" maxlength=\"400\" class=\"wpcf7-form-control wpcf7-text wpcf7-validates-as-required\" aria-required=\"true\" aria-invalid=\"false\" placeholder=\"NOME\" value=\"\" type=\"text\" name=\"your-name\" \/><\/span>\n<\/p>\n<p><span class=\"wpcf7-form-control-wrap\" data-name=\"your-email\"><input size=\"40\" maxlength=\"400\" class=\"wpcf7-form-control wpcf7-email wpcf7-validates-as-required wpcf7-text wpcf7-validates-as-email\" aria-required=\"true\" aria-invalid=\"false\" placeholder=\"EMAIL\" value=\"\" type=\"email\" name=\"your-email\" \/><\/span>\n<\/p>\n<p><span class=\"wpcf7-form-control-wrap\" data-name=\"menu-460\"><select class=\"wpcf7-form-control wpcf7-select wpcf7-validates-as-required\" aria-required=\"true\" aria-invalid=\"false\" name=\"menu-460\"><option value=\"\">&#8212;Seleziona un&#039;opzione&#8212;<\/option><option value=\"RICHIESTA DATI\">RICHIESTA DATI<\/option><option value=\"MODIFICA DATI\">MODIFICA DATI<\/option><option value=\"CANCELLAZIONE DATI\">CANCELLAZIONE DATI<\/option><option value=\"ALTRE RICHIESTE\">ALTRE RICHIESTE<\/option><\/select><\/span>\n<\/p>\n<p><span class=\"wpcf7-form-control-wrap\" data-name=\"your-message\"><textarea cols=\"40\" rows=\"10\" maxlength=\"2000\" class=\"wpcf7-form-control wpcf7-textarea\" aria-invalid=\"false\" placeholder=\"ILLUSTRACI LA TUA RICHIESTA\" name=\"your-message\"><\/textarea><\/span>\n<\/p>\n<p><span class=\"wpcf7-form-control-wrap\" data-name=\"acceptance-146\"><span class=\"wpcf7-form-control wpcf7-acceptance\"><span class=\"wpcf7-list-item\"><label><input type=\"checkbox\" name=\"acceptance-146\" value=\"1\" aria-invalid=\"false\" \/><span class=\"wpcf7-list-item-label\">Ho letto l\u2019informativa sulla Privacy e acconsento al trattamento dei miei dati personali per le finalit\u00e0 ivi indicate.<\/span><\/label><\/span><\/span><\/span>\n<\/p>\n<p>\n\n<\/p>\n<p><input class=\"wpcf7-form-control wpcf7-submit has-spinner\" type=\"submit\" value=\"INVIA RICHIESTA\" \/>\n<\/p><div class=\"fusion-alert alert custom alert-custom fusion-alert-center wpcf7-response-output fusion-alert-capitalize alert-dismissable\" role=\"alert\"><div class=\"fusion-alert-content-wrapper\"><span class=\"fusion-alert-content\"><\/span><\/div><button type=\"button\" class=\"close toggle-alert\" data-dismiss=\"alert\" aria-label=\"Close\">&times;<\/button><\/div>\n<\/form>\n<\/div>\n\n<\/div><div class=\"fusion-clearfix\"><\/div><\/div><\/div><\/div><\/div><\/div><div id=\"email\" class=\"fusion-container-anchor\"><div class=\"fusion-fullwidth fullwidth-box fusion-builder-row-6 nonhundred-percent-fullwidth non-hundred-percent-height-scrolling\" style=\"--awb-border-radius-top-left:0px;--awb-border-radius-top-right:0px;--awb-border-radius-bottom-right:0px;--awb-border-radius-bottom-left:0px;--awb-padding-top:50px;--awb-margin-bottom:40px;\" ><div class=\"fusion-builder-row fusion-row\"><div class=\"fusion-layout-column fusion_builder_column fusion-builder-column-6 fusion_builder_column_1_1 1_1 fusion-one-full fusion-column-first fusion-column-last\" style=\"--awb-bg-size:cover;\"><div class=\"fusion-column-wrapper fusion-flex-column-wrapper-legacy\"><div class=\"fusion-title title fusion-title-5 fusion-title-text fusion-title-size-two\"><h2 class=\"title-heading-left fusion-responsive-typography-calculated\" style=\"margin:0;--fontSize:35;line-height:1.29;\"><i class=\"fb-icon-element-5 fb-icon-element fontawesome-icon fa-envelope fas circle-yes fusion-text-flow\" style=\"--awb-circlebordersize:1px;--awb-font-size:28.16px;--awb-width:56.32px;--awb-height:56.32px;--awb-line-height:54.32px;--awb-margin-right:16px;\"><\/i>\u00a0Liste email<\/p><\/h2><span class=\"awb-title-spacer\"><\/span><div class=\"title-sep-container\"><div class=\"title-sep sep-single sep-solid\" style=\"border-color:#e0dede;\"><\/div><\/div><\/div><div class=\"fusion-text fusion-text-7\"><p>Attualmente non gestiamo alcuna lista di indirizzi email, di conseguenza non siamo in possesso di dati personali relativi a questa attivit\u00e0.<\/p>\n<\/div><div class=\"fusion-clearfix\"><\/div><\/div><\/div><\/div><\/div><\/div><div class=\"fusion-fullwidth fullwidth-box fusion-builder-row-7 nonhundred-percent-fullwidth non-hundred-percent-height-scrolling\" style=\"--awb-border-radius-top-left:0px;--awb-border-radius-top-right:0px;--awb-border-radius-bottom-right:0px;--awb-border-radius-bottom-left:0px;--awb-padding-bottom:0px;--awb-margin-bottom:0px;\" ><div class=\"fusion-builder-row fusion-row\"><div class=\"fusion-layout-column fusion_builder_column fusion-builder-column-7 fusion_builder_column_1_1 1_1 fusion-one-full fusion-column-first fusion-column-last\" style=\"--awb-padding-bottom:0px;--awb-bg-size:cover;--awb-margin-bottom:0px;\"><div class=\"fusion-column-wrapper fusion-flex-column-wrapper-legacy\"><div class=\"fusion-image-element fusion-image-align-center in-legacy-container\" style=\"text-align:center;\"><div class=\"imageframe-align-center\"><span class=\" fusion-imageframe imageframe-none imageframe-1 hover-type-none\"><img decoding=\"async\" width=\"1200\" height=\"813\" alt=\"Cookie Policy\" title=\"emanueala_terzi_entro_privacy\" src=\"https:\/\/emanuelaterzi.it\/wp-content\/uploads\/2019\/02\/emanueala_terzi_entro_privacy.jpg\" class=\"img-responsive wp-image-2900\" srcset=\"https:\/\/emanuelaterzi.it\/wp-content\/uploads\/2019\/02\/emanueala_terzi_entro_privacy-200x136.jpg 200w, https:\/\/emanuelaterzi.it\/wp-content\/uploads\/2019\/02\/emanueala_terzi_entro_privacy-400x271.jpg 400w, https:\/\/emanuelaterzi.it\/wp-content\/uploads\/2019\/02\/emanueala_terzi_entro_privacy-600x407.jpg 600w, https:\/\/emanuelaterzi.it\/wp-content\/uploads\/2019\/02\/emanueala_terzi_entro_privacy-800x542.jpg 800w, https:\/\/emanuelaterzi.it\/wp-content\/uploads\/2019\/02\/emanueala_terzi_entro_privacy.jpg 1200w\" sizes=\"(max-width: 800px) 100vw, 1200px\" \/><\/span><\/div><\/div><div class=\"fusion-clearfix\"><\/div><\/div><\/div><\/div><\/div><\/p>\n","protected":false},"excerpt":{"rendered":"","protected":false},"author":1,"featured_media":0,"parent":0,"menu_order":0,"comment_status":"closed","ping_status":"closed","template":"","meta":{"footnotes":""},"class_list":["post-2905","page","type-page","status-publish","hentry"],"_links":{"self":[{"href":"https:\/\/emanuelaterzi.it\/en\/wp-json\/wp\/v2\/pages\/2905","targetHints":{"allow":["GET"]}}],"collection":[{"href":"https:\/\/emanuelaterzi.it\/en\/wp-json\/wp\/v2\/pages"}],"about":[{"href":"https:\/\/emanuelaterzi.it\/en\/wp-json\/wp\/v2\/types\/page"}],"author":[{"embeddable":true,"href":"https:\/\/emanuelaterzi.it\/en\/wp-json\/wp\/v2\/users\/1"}],"replies":[{"embeddable":true,"href":"https:\/\/emanuelaterzi.it\/en\/wp-json\/wp\/v2\/comments?post=2905"}],"version-history":[{"count":1,"href":"https:\/\/emanuelaterzi.it\/en\/wp-json\/wp\/v2\/pages\/2905\/revisions"}],"predecessor-version":[{"id":2907,"href":"https:\/\/emanuelaterzi.it\/en\/wp-json\/wp\/v2\/pages\/2905\/revisions\/2907"}],"wp:attachment":[{"href":"https:\/\/emanuelaterzi.it\/en\/wp-json\/wp\/v2\/media?parent=2905"}],"curies":[{"name":"wp","href":"https:\/\/api.w.org\/{rel}","templated":true}]}}